{"id":1061,"date":"2022-01-26T11:44:39","date_gmt":"2022-01-26T10:44:39","guid":{"rendered":"https:\/\/www.prevasvolnycas.com\/?page_id=1061"},"modified":"2022-07-11T10:44:03","modified_gmt":"2022-07-11T08:44:03","slug":"aktivity","status":"publish","type":"page","link":"https:\/\/www.prevasvolnycas.com\/?page_id=1061","title":{"rendered":"Aktivity"},"content":{"rendered":"\t\t<div data-elementor-type=\"wp-page\" data-elementor-id=\"1061\" class=\"elementor elementor-1061\" data-elementor-settings=\"[]\">\n\t\t\t\t\t\t\t<div class=\"elementor-section-wrap\">\n\t\t\t\t\t\t\t<section class=\"elementor-section elementor-top-section elementor-element elementor-element-8d9303b elementor-section-boxed elementor-section-height-default elementor-section-height-default\" data-id=\"8d9303b\" data-element_type=\"section\">\n\t\t\t\t\t\t<div class=\"elementor-container elementor-column-gap-default\">\n\t\t\t\t\t<div class=\"elementor-column elementor-col-100 elementor-top-column elementor-element elementor-element-863d6d1\" data-id=\"863d6d1\" data-element_type=\"column\">\n\t\t\t<div class=\"elementor-widget-wrap elementor-element-populated\">\n\t\t\t\t\t\t\t\t<div class=\"elementor-element elementor-element-8573811 elementor-widget elementor-widget-text-editor\" data-id=\"8573811\" data-element_type=\"widget\" data-widget_type=\"text-editor.default\">\n\t\t\t\t<div class=\"elementor-widget-container\">\n\t\t\t\t\t\t\t<h6>\u00a0<\/h6><h6><span style=\"color: #008000;\"><strong>Ochrana a obnova \u017eivotn\u00e9ho prostredia<\/strong><\/span><\/h6><h6><span style=\"color: #000000;\">Slovensk\u00e1\u00a0asoci\u00e1cia\u00a0\u017eivotn\u00e9ho\u00a0prostredia<\/span><\/h6><h6><span style=\"color: #008000;\"><a style=\"color: #008000;\" href=\"http:\/\/saszp.sk\/\" target=\"_blank\" rel=\"noopener noreferrer\">http:\/\/saszp.sk\/<\/a><\/span><\/h6><h6><span style=\"color: #000000;\">\u010cesk\u00e1\u00a0asociace\u00a0\u017eivotnho\u00a0prost\u0159ed\u00ed<\/span><\/h6><h6><span style=\"color: #339966;\"><a style=\"color: #339966;\" href=\"http:\/\/caszp.cz\/\" target=\"_blank\" rel=\"noopener noreferrer\">http:\/\/caszp.cz\/<\/a><\/span><\/h6><h6><span style=\"color: #000000;\">Evropsk\u00e1 asociace \u017eivotn\u00edho prost\u0159ed\u00ed<\/span><\/h6><h5><span style=\"color: #008000;\"><a style=\"color: #008000;\" href=\"https:\/\/easzp.com\/\" target=\"_blank\" rel=\"noopener noreferrer\">https:\/\/easzp.com\/<\/a><\/span><\/h5>\t\t\t\t\t\t<\/div>\n\t\t\t\t<\/div>\n\t\t\t\t\t<\/div>\n\t\t<\/div>\n\t\t\t\t\t\t\t<\/div>\n\t\t<\/section>\n\t\t\t\t<section class=\"elementor-section elementor-top-section elementor-element elementor-element-ee30d62 elementor-section-boxed elementor-section-height-default elementor-section-height-default\" data-id=\"ee30d62\" data-element_type=\"section\">\n\t\t\t\t\t\t<div class=\"elementor-container elementor-column-gap-default\">\n\t\t\t\t\t<div class=\"elementor-column elementor-col-100 elementor-top-column elementor-element elementor-element-3555713\" data-id=\"3555713\" data-element_type=\"column\">\n\t\t\t<div class=\"elementor-widget-wrap elementor-element-populated\">\n\t\t\t\t\t\t\t\t<div class=\"elementor-element elementor-element-ce0a522 elementor-widget elementor-widget-image\" data-id=\"ce0a522\" data-element_type=\"widget\" data-widget_type=\"image.default\">\n\t\t\t\t<div class=\"elementor-widget-container\">\n\t\t\t\t\t\t\t\t\t\t\t\t\t\t\t<img width=\"300\" height=\"72\" src=\"https:\/\/www.prevasvolnycas.com\/wp-content\/uploads\/2022\/01\/1463221668833-2.jpg\" class=\"attachment-large size-large\" alt=\"\" loading=\"lazy\" \/>\t\t\t\t\t\t\t\t\t\t\t\t\t\t\t<\/div>\n\t\t\t\t<\/div>\n\t\t\t\t\t<\/div>\n\t\t<\/div>\n\t\t\t\t\t\t\t<\/div>\n\t\t<\/section>\n\t\t\t\t<section class=\"elementor-section elementor-top-section elementor-element elementor-element-c9059a1 elementor-section-boxed elementor-section-height-default elementor-section-height-default\" data-id=\"c9059a1\" data-element_type=\"section\">\n\t\t\t\t\t\t<div class=\"elementor-container elementor-column-gap-default\">\n\t\t\t\t\t<div class=\"elementor-column elementor-col-100 elementor-top-column elementor-element elementor-element-8f37dcb\" data-id=\"8f37dcb\" data-element_type=\"column\">\n\t\t\t<div class=\"elementor-widget-wrap elementor-element-populated\">\n\t\t\t\t\t\t\t\t<div class=\"elementor-element elementor-element-e8420b5 elementor-widget elementor-widget-text-editor\" data-id=\"e8420b5\" data-element_type=\"widget\" data-widget_type=\"text-editor.default\">\n\t\t\t\t<div class=\"elementor-widget-container\">\n\t\t\t\t\t\t\t<p>.<\/p>\t\t\t\t\t\t<\/div>\n\t\t\t\t<\/div>\n\t\t\t\t\t<\/div>\n\t\t<\/div>\n\t\t\t\t\t\t\t<\/div>\n\t\t<\/section>\n\t\t\t\t<section class=\"elementor-section elementor-top-section elementor-element elementor-element-69799c1 elementor-section-boxed elementor-section-height-default elementor-section-height-default\" data-id=\"69799c1\" data-element_type=\"section\">\n\t\t\t\t\t\t<div class=\"elementor-container elementor-column-gap-default\">\n\t\t\t\t\t<div class=\"elementor-column elementor-col-100 elementor-top-column elementor-element elementor-element-ba94d1d\" data-id=\"ba94d1d\" data-element_type=\"column\">\n\t\t\t<div class=\"elementor-widget-wrap elementor-element-populated\">\n\t\t\t\t\t\t\t\t<div class=\"elementor-element elementor-element-a7bb7ee elementor-widget elementor-widget-image\" data-id=\"a7bb7ee\" data-element_type=\"widget\" data-widget_type=\"image.default\">\n\t\t\t\t<div class=\"elementor-widget-container\">\n\t\t\t\t\t\t\t\t\t\t\t\t\t\t\t<img width=\"150\" height=\"150\" src=\"https:\/\/www.prevasvolnycas.com\/wp-content\/uploads\/2022\/07\/supar-150x150.jpg\" class=\"attachment-thumbnail size-thumbnail\" alt=\"\" loading=\"lazy\" \/>\t\t\t\t\t\t\t\t\t\t\t\t\t\t\t<\/div>\n\t\t\t\t<\/div>\n\t\t\t\t\t<\/div>\n\t\t<\/div>\n\t\t\t\t\t\t\t<\/div>\n\t\t<\/section>\n\t\t\t\t<section class=\"elementor-section elementor-top-section elementor-element elementor-element-21b32ad elementor-section-boxed elementor-section-height-default elementor-section-height-default\" data-id=\"21b32ad\" data-element_type=\"section\">\n\t\t\t\t\t\t<div class=\"elementor-container elementor-column-gap-default\">\n\t\t\t\t\t<div class=\"elementor-column elementor-col-100 elementor-top-column elementor-element elementor-element-14bcb08\" data-id=\"14bcb08\" data-element_type=\"column\">\n\t\t\t<div class=\"elementor-widget-wrap elementor-element-populated\">\n\t\t\t\t\t\t\t\t<div class=\"elementor-element elementor-element-f8a3179 elementor-widget elementor-widget-text-editor\" data-id=\"f8a3179\" data-element_type=\"widget\" data-widget_type=\"text-editor.default\">\n\t\t\t\t<div class=\"elementor-widget-container\">\n\t\t\t\t\t\t\t<p><blockquote class=\"wp-embedded-content\" data-secret=\"NVMvVxi2Fm\"><a href=\"http:\/\/portalturismu.com\/\">Vojensk\u00fd historick\u00fd turismus.<\/a><\/blockquote><iframe class=\"wp-embedded-content\" sandbox=\"allow-scripts\" security=\"restricted\" style=\"position: absolute; clip: rect(1px, 1px, 1px, 1px);\" title=\"&#8220;Vojensk\u00fd historick\u00fd turismus.&#8221; &#8212; \" src=\"http:\/\/portalturismu.com\/embed\/#?secret=NVMvVxi2Fm\" data-secret=\"NVMvVxi2Fm\" width=\"600\" height=\"338\" frameborder=\"0\" marginwidth=\"0\" marginheight=\"0\" scrolling=\"no\"><\/iframe><\/p><p>\u00a0<\/p>\t\t\t\t\t\t<\/div>\n\t\t\t\t<\/div>\n\t\t\t\t\t<\/div>\n\t\t<\/div>\n\t\t\t\t\t\t\t<\/div>\n\t\t<\/section>\n\t\t\t\t\t\t<\/div>\n\t\t\t\t\t<\/div>\n\t\t","protected":false},"excerpt":{"rendered":"<p>&nbsp; Ochrana a obnova \u017eivotn\u00e9ho prostredia Slovensk\u00e1&nbsp;asoci\u00e1cia&nbsp;\u017eivotn\u00e9ho&nbsp;prostredia http:\/\/saszp.sk\/ \u010cesk\u00e1&nbsp;asociace&nbsp;\u017eivotnho&nbsp;prost\u0159ed\u00ed http:\/\/caszp.cz\/ Evropsk\u00e1 asociace \u017eivotn\u00edho prost\u0159ed\u00ed https:\/\/easzp.com\/ . Vojensk\u00fd historick\u00fd turismus.<\/p>\n","protected":false},"author":1,"featured_media":0,"parent":0,"menu_order":0,"comment_status":"closed","ping_status":"closed","template":"","meta":{"_monsterinsights_skip_tracking":false,"_monsterinsights_sitenote_active":false,"_monsterinsights_sitenote_note":"","_monsterinsights_sitenote_category":0},"yoast_head":"<!-- This site is optimized with the Yoast SEO plugin v17.2 - https:\/\/yoast.com\/wordpress\/plugins\/seo\/ -->\n<title>Aktivity - prevasvolnycas.com<\/title>\n<meta name=\"robots\" content=\"index, follow, max-snippet:-1, max-image-preview:large, max-video-preview:-1\" \/>\n<link rel=\"canonical\" href=\"https:\/\/www.prevasvolnycas.com\/?page_id=1061\" \/>\n<meta property=\"og:locale\" content=\"sk_SK\" \/>\n<meta property=\"og:type\" content=\"article\" \/>\n<meta property=\"og:title\" content=\"Aktivity - prevasvolnycas.com\" \/>\n<meta property=\"og:description\" content=\"&nbsp; Ochrana a obnova \u017eivotn\u00e9ho prostredia Slovensk\u00e1&nbsp;asoci\u00e1cia&nbsp;\u017eivotn\u00e9ho&nbsp;prostredia http:\/\/saszp.sk\/ \u010cesk\u00e1&nbsp;asociace&nbsp;\u017eivotnho&nbsp;prost\u0159ed\u00ed http:\/\/caszp.cz\/ Evropsk\u00e1 asociace \u017eivotn\u00edho prost\u0159ed\u00ed https:\/\/easzp.com\/ . Vojensk\u00fd historick\u00fd turismus.\" \/>\n<meta property=\"og:url\" content=\"https:\/\/www.prevasvolnycas.com\/?page_id=1061\" \/>\n<meta property=\"og:site_name\" content=\"prevasvolnycas.com\" \/>\n<meta property=\"article:modified_time\" content=\"2022-07-11T08:44:03+00:00\" \/>\n<meta property=\"og:image\" content=\"https:\/\/www.prevasvolnycas.com\/wp-content\/uploads\/2022\/01\/1463221668833-2.jpg\" \/>\n<meta name=\"twitter:card\" content=\"summary_large_image\" \/>\n<meta name=\"twitter:label1\" content=\"Predpokladan\u00fd \u010das \u010d\u00edtania\" \/>\n\t<meta name=\"twitter:data1\" content=\"1 min\u00fata\" \/>\n<script type=\"application\/ld+json\" class=\"yoast-schema-graph\">{\"@context\":\"https:\/\/schema.org\",\"@graph\":[{\"@type\":\"WebSite\",\"@id\":\"https:\/\/www.prevasvolnycas.com\/#website\",\"url\":\"https:\/\/www.prevasvolnycas.com\/\",\"name\":\"prevasvolnycas.com\",\"description\":\"Pre v\\u00e1\\u0161 vo\\u013en\\u00fd \\u010das\",\"potentialAction\":[{\"@type\":\"SearchAction\",\"target\":{\"@type\":\"EntryPoint\",\"urlTemplate\":\"https:\/\/www.prevasvolnycas.com\/?s={search_term_string}\"},\"query-input\":\"required name=search_term_string\"}],\"inLanguage\":\"sk-SK\"},{\"@type\":\"ImageObject\",\"@id\":\"https:\/\/www.prevasvolnycas.com\/?page_id=1061#primaryimage\",\"inLanguage\":\"sk-SK\",\"url\":\"https:\/\/www.prevasvolnycas.com\/wp-content\/uploads\/2022\/01\/1463221668833-2.jpg\",\"contentUrl\":\"https:\/\/www.prevasvolnycas.com\/wp-content\/uploads\/2022\/01\/1463221668833-2.jpg\",\"width\":300,\"height\":72},{\"@type\":\"WebPage\",\"@id\":\"https:\/\/www.prevasvolnycas.com\/?page_id=1061#webpage\",\"url\":\"https:\/\/www.prevasvolnycas.com\/?page_id=1061\",\"name\":\"Aktivity - prevasvolnycas.com\",\"isPartOf\":{\"@id\":\"https:\/\/www.prevasvolnycas.com\/#website\"},\"primaryImageOfPage\":{\"@id\":\"https:\/\/www.prevasvolnycas.com\/?page_id=1061#primaryimage\"},\"datePublished\":\"2022-01-26T10:44:39+00:00\",\"dateModified\":\"2022-07-11T08:44:03+00:00\",\"breadcrumb\":{\"@id\":\"https:\/\/www.prevasvolnycas.com\/?page_id=1061#breadcrumb\"},\"inLanguage\":\"sk-SK\",\"potentialAction\":[{\"@type\":\"ReadAction\",\"target\":[\"https:\/\/www.prevasvolnycas.com\/?page_id=1061\"]}]},{\"@type\":\"BreadcrumbList\",\"@id\":\"https:\/\/www.prevasvolnycas.com\/?page_id=1061#breadcrumb\",\"itemListElement\":[{\"@type\":\"ListItem\",\"position\":1,\"name\":\"Home\",\"item\":\"https:\/\/www.prevasvolnycas.com\/\"},{\"@type\":\"ListItem\",\"position\":2,\"name\":\"Aktivity\"}]}]}<\/script>\n<!-- \/ Yoast SEO plugin. -->","yoast_head_json":{"title":"Aktivity - prevasvolnycas.com","robots":{"index":"index","follow":"follow","max-snippet":"max-snippet:-1","max-image-preview":"max-image-preview:large","max-video-preview":"max-video-preview:-1"},"canonical":"https:\/\/www.prevasvolnycas.com\/?page_id=1061","og_locale":"sk_SK","og_type":"article","og_title":"Aktivity - prevasvolnycas.com","og_description":"&nbsp; Ochrana a obnova \u017eivotn\u00e9ho prostredia Slovensk\u00e1&nbsp;asoci\u00e1cia&nbsp;\u017eivotn\u00e9ho&nbsp;prostredia http:\/\/saszp.sk\/ \u010cesk\u00e1&nbsp;asociace&nbsp;\u017eivotnho&nbsp;prost\u0159ed\u00ed http:\/\/caszp.cz\/ Evropsk\u00e1 asociace \u017eivotn\u00edho prost\u0159ed\u00ed https:\/\/easzp.com\/ . Vojensk\u00fd historick\u00fd turismus.","og_url":"https:\/\/www.prevasvolnycas.com\/?page_id=1061","og_site_name":"prevasvolnycas.com","article_modified_time":"2022-07-11T08:44:03+00:00","og_image":[{"url":"https:\/\/www.prevasvolnycas.com\/wp-content\/uploads\/2022\/01\/1463221668833-2.jpg"}],"twitter_card":"summary_large_image","twitter_misc":{"Predpokladan\u00fd \u010das \u010d\u00edtania":"1 min\u00fata"},"schema":{"@context":"https:\/\/schema.org","@graph":[{"@type":"WebSite","@id":"https:\/\/www.prevasvolnycas.com\/#website","url":"https:\/\/www.prevasvolnycas.com\/","name":"prevasvolnycas.com","description":"Pre v\u00e1\u0161 vo\u013en\u00fd \u010das","potentialAction":[{"@type":"SearchAction","target":{"@type":"EntryPoint","urlTemplate":"https:\/\/www.prevasvolnycas.com\/?s={search_term_string}"},"query-input":"required name=search_term_string"}],"inLanguage":"sk-SK"},{"@type":"ImageObject","@id":"https:\/\/www.prevasvolnycas.com\/?page_id=1061#primaryimage","inLanguage":"sk-SK","url":"https:\/\/www.prevasvolnycas.com\/wp-content\/uploads\/2022\/01\/1463221668833-2.jpg","contentUrl":"https:\/\/www.prevasvolnycas.com\/wp-content\/uploads\/2022\/01\/1463221668833-2.jpg","width":300,"height":72},{"@type":"WebPage","@id":"https:\/\/www.prevasvolnycas.com\/?page_id=1061#webpage","url":"https:\/\/www.prevasvolnycas.com\/?page_id=1061","name":"Aktivity - prevasvolnycas.com","isPartOf":{"@id":"https:\/\/www.prevasvolnycas.com\/#website"},"primaryImageOfPage":{"@id":"https:\/\/www.prevasvolnycas.com\/?page_id=1061#primaryimage"},"datePublished":"2022-01-26T10:44:39+00:00","dateModified":"2022-07-11T08:44:03+00:00","breadcrumb":{"@id":"https:\/\/www.prevasvolnycas.com\/?page_id=1061#breadcrumb"},"inLanguage":"sk-SK","potentialAction":[{"@type":"ReadAction","target":["https:\/\/www.prevasvolnycas.com\/?page_id=1061"]}]},{"@type":"BreadcrumbList","@id":"https:\/\/www.prevasvolnycas.com\/?page_id=1061#breadcrumb","itemListElement":[{"@type":"ListItem","position":1,"name":"Home","item":"https:\/\/www.prevasvolnycas.com\/"},{"@type":"ListItem","position":2,"name":"Aktivity"}]}]}},"_links":{"self":[{"href":"https:\/\/www.prevasvolnycas.com\/index.php?rest_route=\/wp\/v2\/pages\/1061"}],"collection":[{"href":"https:\/\/www.prevasvolnycas.com\/index.php?rest_route=\/wp\/v2\/pages"}],"about":[{"href":"https:\/\/www.prevasvolnycas.com\/index.php?rest_route=\/wp\/v2\/types\/page"}],"author":[{"embeddable":true,"href":"https:\/\/www.prevasvolnycas.com\/index.php?rest_route=\/wp\/v2\/users\/1"}],"replies":[{"embeddable":true,"href":"https:\/\/www.prevasvolnycas.com\/index.php?rest_route=%2Fwp%2Fv2%2Fcomments&post=1061"}],"version-history":[{"count":6,"href":"https:\/\/www.prevasvolnycas.com\/index.php?rest_route=\/wp\/v2\/pages\/1061\/revisions"}],"predecessor-version":[{"id":1603,"href":"https:\/\/www.prevasvolnycas.com\/index.php?rest_route=\/wp\/v2\/pages\/1061\/revisions\/1603"}],"wp:attachment":[{"href":"https:\/\/www.prevasvolnycas.com\/index.php?rest_route=%2Fwp%2Fv2%2Fmedia&parent=1061"}],"curies":[{"name":"wp","href":"https:\/\/api.w.org\/{rel}","templated":true}]}}