{"id":154,"date":"2021-09-24T15:17:45","date_gmt":"2021-09-24T13:17:45","guid":{"rendered":"https:\/\/www.prevasvolnycas.com\/?page_id=154"},"modified":"2021-09-26T08:56:23","modified_gmt":"2021-09-26T06:56:23","slug":"tatranske-konciare","status":"publish","type":"page","link":"https:\/\/www.prevasvolnycas.com\/?page_id=154","title":{"rendered":"Tatransk\u00e9 kon\u010diare"},"content":{"rendered":"\t\t<div data-elementor-type=\"wp-page\" data-elementor-id=\"154\" class=\"elementor elementor-154\" data-elementor-settings=\"[]\">\n\t\t\t\t\t\t\t<div class=\"elementor-section-wrap\">\n\t\t\t\t\t\t\t<section class=\"elementor-section elementor-top-section elementor-element elementor-element-31a575e0 elementor-section-boxed elementor-section-height-default elementor-section-height-default\" data-id=\"31a575e0\" data-element_type=\"section\" data-settings=\"{&quot;background_background&quot;:&quot;gradient&quot;,&quot;shape_divider_bottom&quot;:&quot;arrow&quot;,&quot;shape_divider_bottom_negative&quot;:&quot;yes&quot;}\">\n\t\t\t\t\t<div class=\"elementor-shape elementor-shape-bottom\" data-negative=\"true\">\n\t\t\t<svg xmlns=\"http:\/\/www.w3.org\/2000\/svg\" viewBox=\"0 0 700 10\" preserveAspectRatio=\"none\">\n\t<path class=\"elementor-shape-fill\" d=\"M360 0L350 9.9 340 0 0 0 0 10 700 10 700 0\"\/>\n<\/svg>\t\t<\/div>\n\t\t\t\t\t<div class=\"elementor-container elementor-column-gap-default\">\n\t\t\t\t\t<div class=\"elementor-column elementor-col-100 elementor-top-column elementor-element elementor-element-7b6fe5f1\" data-id=\"7b6fe5f1\" data-element_type=\"column\">\n\t\t\t<div class=\"elementor-widget-wrap elementor-element-populated\">\n\t\t\t\t\t\t\t\t<div class=\"elementor-element elementor-element-1688175e elementor-aspect-ratio-169 elementor-widget elementor-widget-video\" data-id=\"1688175e\" data-element_type=\"widget\" data-settings=\"{&quot;youtube_url&quot;:&quot;https:\\\/\\\/www.youtube.com\\\/watch?v=gU2JtzhbuNY&quot;,&quot;video_type&quot;:&quot;youtube&quot;,&quot;controls&quot;:&quot;yes&quot;,&quot;aspect_ratio&quot;:&quot;169&quot;}\" data-widget_type=\"video.default\">\n\t\t\t\t<div class=\"elementor-widget-container\">\n\t\t\t\t\t<div class=\"elementor-wrapper elementor-fit-aspect-ratio elementor-open-inline\">\n\t\t\t<div class=\"elementor-video\"><\/div>\t\t<\/div>\n\t\t\t\t<\/div>\n\t\t\t\t<\/div>\n\t\t\t\t<div class=\"elementor-element elementor-element-419722f5 elementor-widget elementor-widget-testimonial\" data-id=\"419722f5\" data-element_type=\"widget\" data-widget_type=\"testimonial.default\">\n\t\t\t\t<div class=\"elementor-widget-container\">\n\t\t\t\t\t<div class=\"elementor-testimonial-wrapper\">\n\t\t\t\n\t\t\t\t\t\t<div class=\"elementor-testimonial-meta elementor-has-image elementor-testimonial-image-position-top\">\n\t\t\t\t<div class=\"elementor-testimonial-meta-inner\">\n\t\t\t\t\t\t\t\t\t\t\t<div class=\"elementor-testimonial-image\">\n\t\t\t\t\t\t\t<img width=\"2057\" height=\"1286\" src=\"https:\/\/www.prevasvolnycas.com\/wp-content\/uploads\/2021\/09\/Zelene-pleso-2.jpg\" class=\"attachment-full size-full\" alt=\"\" loading=\"lazy\" \/>\t\t\t\t\t\t<\/div>\n\t\t\t\t\t\n\t\t\t\t\t\t\t\t\t<\/div>\n\t\t\t<\/div>\n\t\t\t\t\t<\/div>\n\t\t\t\t<\/div>\n\t\t\t\t<\/div>\n\t\t\t\t\t<\/div>\n\t\t<\/div>\n\t\t\t\t\t\t\t<\/div>\n\t\t<\/section>\n\t\t\t\t\t\t<\/div>\n\t\t\t\t\t<\/div>\n\t\t","protected":false},"excerpt":{"rendered":"","protected":false},"author":1,"featured_media":0,"parent":0,"menu_order":0,"comment_status":"closed","ping_status":"closed","template":"","meta":{"_monsterinsights_skip_tracking":false,"_monsterinsights_sitenote_active":false,"_monsterinsights_sitenote_note":"","_monsterinsights_sitenote_category":0},"yoast_head":"<!-- This site is optimized with the Yoast SEO plugin v17.2 - https:\/\/yoast.com\/wordpress\/plugins\/seo\/ -->\n<title>Tatransk\u00e9 kon\u010diare - prevasvolnycas.com<\/title>\n<meta name=\"robots\" content=\"index, follow, max-snippet:-1, max-image-preview:large, max-video-preview:-1\" \/>\n<link rel=\"canonical\" href=\"https:\/\/www.prevasvolnycas.com\/?page_id=154\" \/>\n<meta property=\"og:locale\" content=\"sk_SK\" \/>\n<meta property=\"og:type\" content=\"article\" \/>\n<meta property=\"og:title\" content=\"Tatransk\u00e9 kon\u010diare - prevasvolnycas.com\" \/>\n<meta property=\"og:url\" content=\"https:\/\/www.prevasvolnycas.com\/?page_id=154\" \/>\n<meta property=\"og:site_name\" content=\"prevasvolnycas.com\" \/>\n<meta property=\"article:modified_time\" content=\"2021-09-26T06:56:23+00:00\" \/>\n<meta property=\"og:image\" content=\"https:\/\/www.prevasvolnycas.com\/wp-content\/uploads\/2021\/09\/Zelene-pleso-2.jpg\" \/>\n<meta name=\"twitter:card\" content=\"summary_large_image\" \/>\n<meta name=\"twitter:label1\" content=\"Predpokladan\u00fd \u010das \u010d\u00edtania\" \/>\n\t<meta name=\"twitter:data1\" content=\"1 min\u00fata\" \/>\n<script type=\"application\/ld+json\" class=\"yoast-schema-graph\">{\"@context\":\"https:\/\/schema.org\",\"@graph\":[{\"@type\":\"WebSite\",\"@id\":\"https:\/\/www.prevasvolnycas.com\/#website\",\"url\":\"https:\/\/www.prevasvolnycas.com\/\",\"name\":\"prevasvolnycas.com\",\"description\":\"Pre v\\u00e1\\u0161 vo\\u013en\\u00fd \\u010das\",\"potentialAction\":[{\"@type\":\"SearchAction\",\"target\":{\"@type\":\"EntryPoint\",\"urlTemplate\":\"https:\/\/www.prevasvolnycas.com\/?s={search_term_string}\"},\"query-input\":\"required name=search_term_string\"}],\"inLanguage\":\"sk-SK\"},{\"@type\":\"ImageObject\",\"@id\":\"https:\/\/www.prevasvolnycas.com\/?page_id=154#primaryimage\",\"inLanguage\":\"sk-SK\",\"url\":\"https:\/\/www.prevasvolnycas.com\/wp-content\/uploads\/2021\/09\/Zelene-pleso-2.jpg\",\"contentUrl\":\"https:\/\/www.prevasvolnycas.com\/wp-content\/uploads\/2021\/09\/Zelene-pleso-2.jpg\",\"width\":2057,\"height\":1286},{\"@type\":\"WebPage\",\"@id\":\"https:\/\/www.prevasvolnycas.com\/?page_id=154#webpage\",\"url\":\"https:\/\/www.prevasvolnycas.com\/?page_id=154\",\"name\":\"Tatransk\\u00e9 kon\\u010diare - prevasvolnycas.com\",\"isPartOf\":{\"@id\":\"https:\/\/www.prevasvolnycas.com\/#website\"},\"primaryImageOfPage\":{\"@id\":\"https:\/\/www.prevasvolnycas.com\/?page_id=154#primaryimage\"},\"datePublished\":\"2021-09-24T13:17:45+00:00\",\"dateModified\":\"2021-09-26T06:56:23+00:00\",\"breadcrumb\":{\"@id\":\"https:\/\/www.prevasvolnycas.com\/?page_id=154#breadcrumb\"},\"inLanguage\":\"sk-SK\",\"potentialAction\":[{\"@type\":\"ReadAction\",\"target\":[\"https:\/\/www.prevasvolnycas.com\/?page_id=154\"]}]},{\"@type\":\"BreadcrumbList\",\"@id\":\"https:\/\/www.prevasvolnycas.com\/?page_id=154#breadcrumb\",\"itemListElement\":[{\"@type\":\"ListItem\",\"position\":1,\"name\":\"Home\",\"item\":\"https:\/\/www.prevasvolnycas.com\/\"},{\"@type\":\"ListItem\",\"position\":2,\"name\":\"Tatransk\\u00e9 kon\\u010diare\"}]}]}<\/script>\n<!-- \/ Yoast SEO plugin. -->","yoast_head_json":{"title":"Tatransk\u00e9 kon\u010diare - prevasvolnycas.com","robots":{"index":"index","follow":"follow","max-snippet":"max-snippet:-1","max-image-preview":"max-image-preview:large","max-video-preview":"max-video-preview:-1"},"canonical":"https:\/\/www.prevasvolnycas.com\/?page_id=154","og_locale":"sk_SK","og_type":"article","og_title":"Tatransk\u00e9 kon\u010diare - prevasvolnycas.com","og_url":"https:\/\/www.prevasvolnycas.com\/?page_id=154","og_site_name":"prevasvolnycas.com","article_modified_time":"2021-09-26T06:56:23+00:00","og_image":[{"url":"https:\/\/www.prevasvolnycas.com\/wp-content\/uploads\/2021\/09\/Zelene-pleso-2.jpg"}],"twitter_card":"summary_large_image","twitter_misc":{"Predpokladan\u00fd \u010das \u010d\u00edtania":"1 min\u00fata"},"schema":{"@context":"https:\/\/schema.org","@graph":[{"@type":"WebSite","@id":"https:\/\/www.prevasvolnycas.com\/#website","url":"https:\/\/www.prevasvolnycas.com\/","name":"prevasvolnycas.com","description":"Pre v\u00e1\u0161 vo\u013en\u00fd \u010das","potentialAction":[{"@type":"SearchAction","target":{"@type":"EntryPoint","urlTemplate":"https:\/\/www.prevasvolnycas.com\/?s={search_term_string}"},"query-input":"required name=search_term_string"}],"inLanguage":"sk-SK"},{"@type":"ImageObject","@id":"https:\/\/www.prevasvolnycas.com\/?page_id=154#primaryimage","inLanguage":"sk-SK","url":"https:\/\/www.prevasvolnycas.com\/wp-content\/uploads\/2021\/09\/Zelene-pleso-2.jpg","contentUrl":"https:\/\/www.prevasvolnycas.com\/wp-content\/uploads\/2021\/09\/Zelene-pleso-2.jpg","width":2057,"height":1286},{"@type":"WebPage","@id":"https:\/\/www.prevasvolnycas.com\/?page_id=154#webpage","url":"https:\/\/www.prevasvolnycas.com\/?page_id=154","name":"Tatransk\u00e9 kon\u010diare - prevasvolnycas.com","isPartOf":{"@id":"https:\/\/www.prevasvolnycas.com\/#website"},"primaryImageOfPage":{"@id":"https:\/\/www.prevasvolnycas.com\/?page_id=154#primaryimage"},"datePublished":"2021-09-24T13:17:45+00:00","dateModified":"2021-09-26T06:56:23+00:00","breadcrumb":{"@id":"https:\/\/www.prevasvolnycas.com\/?page_id=154#breadcrumb"},"inLanguage":"sk-SK","potentialAction":[{"@type":"ReadAction","target":["https:\/\/www.prevasvolnycas.com\/?page_id=154"]}]},{"@type":"BreadcrumbList","@id":"https:\/\/www.prevasvolnycas.com\/?page_id=154#breadcrumb","itemListElement":[{"@type":"ListItem","position":1,"name":"Home","item":"https:\/\/www.prevasvolnycas.com\/"},{"@type":"ListItem","position":2,"name":"Tatransk\u00e9 kon\u010diare"}]}]}},"_links":{"self":[{"href":"https:\/\/www.prevasvolnycas.com\/index.php?rest_route=\/wp\/v2\/pages\/154"}],"collection":[{"href":"https:\/\/www.prevasvolnycas.com\/index.php?rest_route=\/wp\/v2\/pages"}],"about":[{"href":"https:\/\/www.prevasvolnycas.com\/index.php?rest_route=\/wp\/v2\/types\/page"}],"author":[{"embeddable":true,"href":"https:\/\/www.prevasvolnycas.com\/index.php?rest_route=\/wp\/v2\/users\/1"}],"replies":[{"embeddable":true,"href":"https:\/\/www.prevasvolnycas.com\/index.php?rest_route=%2Fwp%2Fv2%2Fcomments&post=154"}],"version-history":[{"count":4,"href":"https:\/\/www.prevasvolnycas.com\/index.php?rest_route=\/wp\/v2\/pages\/154\/revisions"}],"predecessor-version":[{"id":272,"href":"https:\/\/www.prevasvolnycas.com\/index.php?rest_route=\/wp\/v2\/pages\/154\/revisions\/272"}],"wp:attachment":[{"href":"https:\/\/www.prevasvolnycas.com\/index.php?rest_route=%2Fwp%2Fv2%2Fmedia&parent=154"}],"curies":[{"name":"wp","href":"https:\/\/api.w.org\/{rel}","templated":true}]}}