{"id":2078,"date":"2024-04-12T18:22:04","date_gmt":"2024-04-12T16:22:04","guid":{"rendered":"https:\/\/www.prevasvolnycas.com\/?page_id=2078"},"modified":"2024-04-12T18:22:48","modified_gmt":"2024-04-12T16:22:48","slug":"velikonocni-toulani-po-sumave","status":"publish","type":"page","link":"https:\/\/www.prevasvolnycas.com\/?page_id=2078","title":{"rendered":"Velikono\u010dn\u00ed toul\u00e1n\u00ed po \u0160umav\u011b"},"content":{"rendered":"\t\t<div data-elementor-type=\"wp-page\" data-elementor-id=\"2078\" class=\"elementor elementor-2078\" data-elementor-settings=\"[]\">\n\t\t\t\t\t\t\t<div class=\"elementor-section-wrap\">\n\t\t\t\t\t\t\t<section class=\"elementor-section elementor-top-section elementor-element elementor-element-4315714 elementor-section-boxed elementor-section-height-default elementor-section-height-default\" data-id=\"4315714\" data-element_type=\"section\">\n\t\t\t\t\t\t<div class=\"elementor-container elementor-column-gap-default\">\n\t\t\t\t\t<div class=\"elementor-column elementor-col-100 elementor-top-column elementor-element elementor-element-d31c9e9\" data-id=\"d31c9e9\" data-element_type=\"column\">\n\t\t\t<div class=\"elementor-widget-wrap elementor-element-populated\">\n\t\t\t\t\t\t\t\t<div class=\"elementor-element elementor-element-068eb32 elementor-aspect-ratio-169 elementor-widget elementor-widget-video\" data-id=\"068eb32\" data-element_type=\"widget\" data-settings=\"{&quot;youtube_url&quot;:&quot;https:\\\/\\\/www.youtube.com\\\/watch?v=00wBQkcv-VA&quot;,&quot;video_type&quot;:&quot;youtube&quot;,&quot;controls&quot;:&quot;yes&quot;,&quot;aspect_ratio&quot;:&quot;169&quot;}\" data-widget_type=\"video.default\">\n\t\t\t\t<div class=\"elementor-widget-container\">\n\t\t\t\t\t<div class=\"elementor-wrapper elementor-fit-aspect-ratio elementor-open-inline\">\n\t\t\t<div class=\"elementor-video\"><\/div>\t\t<\/div>\n\t\t\t\t<\/div>\n\t\t\t\t<\/div>\n\t\t\t\t\t<\/div>\n\t\t<\/div>\n\t\t\t\t\t\t\t<\/div>\n\t\t<\/section>\n\t\t\t\t\t\t<\/div>\n\t\t\t\t\t<\/div>\n\t\t","protected":false},"excerpt":{"rendered":"","protected":false},"author":1,"featured_media":0,"parent":0,"menu_order":0,"comment_status":"closed","ping_status":"closed","template":"","meta":{"_monsterinsights_skip_tracking":false,"_monsterinsights_sitenote_active":false,"_monsterinsights_sitenote_note":"","_monsterinsights_sitenote_category":0},"yoast_head":"<!-- This site is optimized with the Yoast SEO plugin v17.2 - https:\/\/yoast.com\/wordpress\/plugins\/seo\/ -->\n<title>Velikono\u010dn\u00ed toul\u00e1n\u00ed po \u0160umav\u011b - prevasvolnycas.com<\/title>\n<meta name=\"robots\" content=\"index, follow, max-snippet:-1, max-image-preview:large, max-video-preview:-1\" \/>\n<link rel=\"canonical\" href=\"https:\/\/www.prevasvolnycas.com\/?page_id=2078\" \/>\n<meta property=\"og:locale\" content=\"sk_SK\" \/>\n<meta property=\"og:type\" content=\"article\" \/>\n<meta property=\"og:title\" content=\"Velikono\u010dn\u00ed toul\u00e1n\u00ed po \u0160umav\u011b - prevasvolnycas.com\" \/>\n<meta property=\"og:url\" content=\"https:\/\/www.prevasvolnycas.com\/?page_id=2078\" \/>\n<meta property=\"og:site_name\" content=\"prevasvolnycas.com\" \/>\n<meta property=\"article:modified_time\" content=\"2024-04-12T16:22:48+00:00\" \/>\n<meta name=\"twitter:card\" content=\"summary_large_image\" \/>\n<script type=\"application\/ld+json\" class=\"yoast-schema-graph\">{\"@context\":\"https:\/\/schema.org\",\"@graph\":[{\"@type\":\"WebSite\",\"@id\":\"https:\/\/www.prevasvolnycas.com\/#website\",\"url\":\"https:\/\/www.prevasvolnycas.com\/\",\"name\":\"prevasvolnycas.com\",\"description\":\"Pre v\\u00e1\\u0161 vo\\u013en\\u00fd \\u010das\",\"potentialAction\":[{\"@type\":\"SearchAction\",\"target\":{\"@type\":\"EntryPoint\",\"urlTemplate\":\"https:\/\/www.prevasvolnycas.com\/?s={search_term_string}\"},\"query-input\":\"required name=search_term_string\"}],\"inLanguage\":\"sk-SK\"},{\"@type\":\"WebPage\",\"@id\":\"https:\/\/www.prevasvolnycas.com\/?page_id=2078#webpage\",\"url\":\"https:\/\/www.prevasvolnycas.com\/?page_id=2078\",\"name\":\"Velikono\\u010dn\\u00ed toul\\u00e1n\\u00ed po \\u0160umav\\u011b - prevasvolnycas.com\",\"isPartOf\":{\"@id\":\"https:\/\/www.prevasvolnycas.com\/#website\"},\"datePublished\":\"2024-04-12T16:22:04+00:00\",\"dateModified\":\"2024-04-12T16:22:48+00:00\",\"breadcrumb\":{\"@id\":\"https:\/\/www.prevasvolnycas.com\/?page_id=2078#breadcrumb\"},\"inLanguage\":\"sk-SK\",\"potentialAction\":[{\"@type\":\"ReadAction\",\"target\":[\"https:\/\/www.prevasvolnycas.com\/?page_id=2078\"]}]},{\"@type\":\"BreadcrumbList\",\"@id\":\"https:\/\/www.prevasvolnycas.com\/?page_id=2078#breadcrumb\",\"itemListElement\":[{\"@type\":\"ListItem\",\"position\":1,\"name\":\"Home\",\"item\":\"https:\/\/www.prevasvolnycas.com\/\"},{\"@type\":\"ListItem\",\"position\":2,\"name\":\"Velikono\\u010dn\\u00ed toul\\u00e1n\\u00ed po \\u0160umav\\u011b\"}]}]}<\/script>\n<!-- \/ Yoast SEO plugin. -->","yoast_head_json":{"title":"Velikono\u010dn\u00ed toul\u00e1n\u00ed po \u0160umav\u011b - prevasvolnycas.com","robots":{"index":"index","follow":"follow","max-snippet":"max-snippet:-1","max-image-preview":"max-image-preview:large","max-video-preview":"max-video-preview:-1"},"canonical":"https:\/\/www.prevasvolnycas.com\/?page_id=2078","og_locale":"sk_SK","og_type":"article","og_title":"Velikono\u010dn\u00ed toul\u00e1n\u00ed po \u0160umav\u011b - prevasvolnycas.com","og_url":"https:\/\/www.prevasvolnycas.com\/?page_id=2078","og_site_name":"prevasvolnycas.com","article_modified_time":"2024-04-12T16:22:48+00:00","twitter_card":"summary_large_image","schema":{"@context":"https:\/\/schema.org","@graph":[{"@type":"WebSite","@id":"https:\/\/www.prevasvolnycas.com\/#website","url":"https:\/\/www.prevasvolnycas.com\/","name":"prevasvolnycas.com","description":"Pre v\u00e1\u0161 vo\u013en\u00fd \u010das","potentialAction":[{"@type":"SearchAction","target":{"@type":"EntryPoint","urlTemplate":"https:\/\/www.prevasvolnycas.com\/?s={search_term_string}"},"query-input":"required name=search_term_string"}],"inLanguage":"sk-SK"},{"@type":"WebPage","@id":"https:\/\/www.prevasvolnycas.com\/?page_id=2078#webpage","url":"https:\/\/www.prevasvolnycas.com\/?page_id=2078","name":"Velikono\u010dn\u00ed toul\u00e1n\u00ed po \u0160umav\u011b - prevasvolnycas.com","isPartOf":{"@id":"https:\/\/www.prevasvolnycas.com\/#website"},"datePublished":"2024-04-12T16:22:04+00:00","dateModified":"2024-04-12T16:22:48+00:00","breadcrumb":{"@id":"https:\/\/www.prevasvolnycas.com\/?page_id=2078#breadcrumb"},"inLanguage":"sk-SK","potentialAction":[{"@type":"ReadAction","target":["https:\/\/www.prevasvolnycas.com\/?page_id=2078"]}]},{"@type":"BreadcrumbList","@id":"https:\/\/www.prevasvolnycas.com\/?page_id=2078#breadcrumb","itemListElement":[{"@type":"ListItem","position":1,"name":"Home","item":"https:\/\/www.prevasvolnycas.com\/"},{"@type":"ListItem","position":2,"name":"Velikono\u010dn\u00ed toul\u00e1n\u00ed po \u0160umav\u011b"}]}]}},"_links":{"self":[{"href":"https:\/\/www.prevasvolnycas.com\/index.php?rest_route=\/wp\/v2\/pages\/2078"}],"collection":[{"href":"https:\/\/www.prevasvolnycas.com\/index.php?rest_route=\/wp\/v2\/pages"}],"about":[{"href":"https:\/\/www.prevasvolnycas.com\/index.php?rest_route=\/wp\/v2\/types\/page"}],"author":[{"embeddable":true,"href":"https:\/\/www.prevasvolnycas.com\/index.php?rest_route=\/wp\/v2\/users\/1"}],"replies":[{"embeddable":true,"href":"https:\/\/www.prevasvolnycas.com\/index.php?rest_route=%2Fwp%2Fv2%2Fcomments&post=2078"}],"version-history":[{"count":4,"href":"https:\/\/www.prevasvolnycas.com\/index.php?rest_route=\/wp\/v2\/pages\/2078\/revisions"}],"predecessor-version":[{"id":2082,"href":"https:\/\/www.prevasvolnycas.com\/index.php?rest_route=\/wp\/v2\/pages\/2078\/revisions\/2082"}],"wp:attachment":[{"href":"https:\/\/www.prevasvolnycas.com\/index.php?rest_route=%2Fwp%2Fv2%2Fmedia&parent=2078"}],"curies":[{"name":"wp","href":"https:\/\/api.w.org\/{rel}","templated":true}]}}