{"id":499,"date":"2021-10-06T09:10:39","date_gmt":"2021-10-06T07:10:39","guid":{"rendered":"https:\/\/www.prevasvolnycas.com\/?page_id=499"},"modified":"2024-11-22T18:33:42","modified_gmt":"2024-11-22T17:33:42","slug":"kontakt","status":"publish","type":"page","link":"https:\/\/www.prevasvolnycas.com\/?page_id=499","title":{"rendered":"Kontakt"},"content":{"rendered":"\t\t<div data-elementor-type=\"wp-page\" data-elementor-id=\"499\" class=\"elementor elementor-499\" data-elementor-settings=\"[]\">\n\t\t\t\t\t\t\t<div class=\"elementor-section-wrap\">\n\t\t\t\t\t\t\t<section class=\"elementor-section elementor-top-section elementor-element elementor-element-65de539 elementor-section-boxed elementor-section-height-default elementor-section-height-default\" data-id=\"65de539\" data-element_type=\"section\">\n\t\t\t\t\t\t<div class=\"elementor-container elementor-column-gap-default\">\n\t\t\t\t\t<div class=\"elementor-column elementor-col-100 elementor-top-column elementor-element elementor-element-cf239fc\" data-id=\"cf239fc\" data-element_type=\"column\">\n\t\t\t<div class=\"elementor-widget-wrap elementor-element-populated\">\n\t\t\t\t\t\t\t\t<div class=\"elementor-element elementor-element-0e0ea54 elementor-widget elementor-widget-image\" data-id=\"0e0ea54\" data-element_type=\"widget\" data-widget_type=\"image.default\">\n\t\t\t\t<div class=\"elementor-widget-container\">\n\t\t\t\t\t\t\t\t\t\t\t\t\t\t\t<img width=\"300\" height=\"300\" src=\"https:\/\/www.prevasvolnycas.com\/wp-content\/uploads\/2024\/11\/1dddddddddddd-300x300.png\" class=\"attachment-medium size-medium\" alt=\"\" loading=\"lazy\" srcset=\"https:\/\/www.prevasvolnycas.com\/wp-content\/uploads\/2024\/11\/1dddddddddddd-300x300.png 300w, https:\/\/www.prevasvolnycas.com\/wp-content\/uploads\/2024\/11\/1dddddddddddd-150x150.png 150w, https:\/\/www.prevasvolnycas.com\/wp-content\/uploads\/2024\/11\/1dddddddddddd.png 500w\" sizes=\"(max-width: 300px) 100vw, 300px\" \/>\t\t\t\t\t\t\t\t\t\t\t\t\t\t\t<\/div>\n\t\t\t\t<\/div>\n\t\t\t\t\t<\/div>\n\t\t<\/div>\n\t\t\t\t\t\t\t<\/div>\n\t\t<\/section>\n\t\t\t\t<section class=\"elementor-section elementor-top-section elementor-element elementor-element-7edac5c elementor-section-boxed elementor-section-height-default elementor-section-height-default\" data-id=\"7edac5c\" data-element_type=\"section\">\n\t\t\t\t\t\t<div class=\"elementor-container elementor-column-gap-default\">\n\t\t\t\t\t<div class=\"elementor-column elementor-col-100 elementor-top-column elementor-element elementor-element-dbe9b7a\" data-id=\"dbe9b7a\" data-element_type=\"column\">\n\t\t\t<div class=\"elementor-widget-wrap elementor-element-populated\">\n\t\t\t\t\t\t\t\t<div class=\"elementor-element elementor-element-889e5e5 elementor-widget elementor-widget-text-editor\" data-id=\"889e5e5\" data-element_type=\"widget\" data-widget_type=\"text-editor.default\">\n\t\t\t\t<div class=\"elementor-widget-container\">\n\t\t\t\t\t\t\t<h6>\u00a0<\/h6><h4>mail : <span class=\"adr\"><a class=\"rcmContactAddress\" title=\"podcasty@prevasvolnycas.com\" href=\"mailto:podcasty@prevasvolnycas.com\">info@easzp.com<\/a><\/span><\/h4><h6><span style=\"color: #000000;\">tel:\u00a0 0905 510 199<\/span><\/h6><h6><span class=\"adr\"><a class=\"rcmContactAddress\" title=\"podcasty@prevasvolnycas.com\" href=\"mailto:podcasty@prevasvolnycas.com\">.<\/a><\/span><\/h6>\t\t\t\t\t\t<\/div>\n\t\t\t\t<\/div>\n\t\t\t\t\t<\/div>\n\t\t<\/div>\n\t\t\t\t\t\t\t<\/div>\n\t\t<\/section>\n\t\t\t\t\t\t<\/div>\n\t\t\t\t\t<\/div>\n\t\t","protected":false},"excerpt":{"rendered":"<p>\u00a0 mail : info@easzp.com tel:\u00a0 0905 510 199 .<\/p>\n","protected":false},"author":1,"featured_media":0,"parent":0,"menu_order":0,"comment_status":"closed","ping_status":"closed","template":"","meta":{"_monsterinsights_skip_tracking":false,"_monsterinsights_sitenote_active":false,"_monsterinsights_sitenote_note":"","_monsterinsights_sitenote_category":0},"yoast_head":"<!-- This site is optimized with the Yoast SEO plugin v17.2 - https:\/\/yoast.com\/wordpress\/plugins\/seo\/ -->\n<title>Kontakt - prevasvolnycas.com<\/title>\n<meta name=\"robots\" content=\"index, follow, max-snippet:-1, max-image-preview:large, max-video-preview:-1\" \/>\n<link rel=\"canonical\" href=\"https:\/\/www.prevasvolnycas.com\/?page_id=499\" \/>\n<meta property=\"og:locale\" content=\"sk_SK\" \/>\n<meta property=\"og:type\" content=\"article\" \/>\n<meta property=\"og:title\" content=\"Kontakt - prevasvolnycas.com\" \/>\n<meta property=\"og:description\" content=\"\u00a0 mail : info@easzp.com tel:\u00a0 0905 510 199 .\" \/>\n<meta property=\"og:url\" content=\"https:\/\/www.prevasvolnycas.com\/?page_id=499\" \/>\n<meta property=\"og:site_name\" content=\"prevasvolnycas.com\" \/>\n<meta property=\"article:modified_time\" content=\"2024-11-22T17:33:42+00:00\" \/>\n<meta property=\"og:image\" content=\"https:\/\/www.prevasvolnycas.com\/wp-content\/uploads\/2024\/11\/1dddddddddddd-300x300.png\" \/>\n<meta name=\"twitter:card\" content=\"summary_large_image\" \/>\n<meta name=\"twitter:label1\" content=\"Predpokladan\u00fd \u010das \u010d\u00edtania\" \/>\n\t<meta name=\"twitter:data1\" content=\"1 min\u00fata\" \/>\n<script type=\"application\/ld+json\" class=\"yoast-schema-graph\">{\"@context\":\"https:\/\/schema.org\",\"@graph\":[{\"@type\":\"WebSite\",\"@id\":\"https:\/\/www.prevasvolnycas.com\/#website\",\"url\":\"https:\/\/www.prevasvolnycas.com\/\",\"name\":\"prevasvolnycas.com\",\"description\":\"Pre v\\u00e1\\u0161 vo\\u013en\\u00fd \\u010das\",\"potentialAction\":[{\"@type\":\"SearchAction\",\"target\":{\"@type\":\"EntryPoint\",\"urlTemplate\":\"https:\/\/www.prevasvolnycas.com\/?s={search_term_string}\"},\"query-input\":\"required name=search_term_string\"}],\"inLanguage\":\"sk-SK\"},{\"@type\":\"ImageObject\",\"@id\":\"https:\/\/www.prevasvolnycas.com\/?page_id=499#primaryimage\",\"inLanguage\":\"sk-SK\",\"url\":\"https:\/\/www.prevasvolnycas.com\/wp-content\/uploads\/2024\/11\/1dddddddddddd.png\",\"contentUrl\":\"https:\/\/www.prevasvolnycas.com\/wp-content\/uploads\/2024\/11\/1dddddddddddd.png\",\"width\":500,\"height\":500},{\"@type\":\"WebPage\",\"@id\":\"https:\/\/www.prevasvolnycas.com\/?page_id=499#webpage\",\"url\":\"https:\/\/www.prevasvolnycas.com\/?page_id=499\",\"name\":\"Kontakt - prevasvolnycas.com\",\"isPartOf\":{\"@id\":\"https:\/\/www.prevasvolnycas.com\/#website\"},\"primaryImageOfPage\":{\"@id\":\"https:\/\/www.prevasvolnycas.com\/?page_id=499#primaryimage\"},\"datePublished\":\"2021-10-06T07:10:39+00:00\",\"dateModified\":\"2024-11-22T17:33:42+00:00\",\"breadcrumb\":{\"@id\":\"https:\/\/www.prevasvolnycas.com\/?page_id=499#breadcrumb\"},\"inLanguage\":\"sk-SK\",\"potentialAction\":[{\"@type\":\"ReadAction\",\"target\":[\"https:\/\/www.prevasvolnycas.com\/?page_id=499\"]}]},{\"@type\":\"BreadcrumbList\",\"@id\":\"https:\/\/www.prevasvolnycas.com\/?page_id=499#breadcrumb\",\"itemListElement\":[{\"@type\":\"ListItem\",\"position\":1,\"name\":\"Home\",\"item\":\"https:\/\/www.prevasvolnycas.com\/\"},{\"@type\":\"ListItem\",\"position\":2,\"name\":\"Kontakt\"}]}]}<\/script>\n<!-- \/ Yoast SEO plugin. -->","yoast_head_json":{"title":"Kontakt - prevasvolnycas.com","robots":{"index":"index","follow":"follow","max-snippet":"max-snippet:-1","max-image-preview":"max-image-preview:large","max-video-preview":"max-video-preview:-1"},"canonical":"https:\/\/www.prevasvolnycas.com\/?page_id=499","og_locale":"sk_SK","og_type":"article","og_title":"Kontakt - prevasvolnycas.com","og_description":"\u00a0 mail : info@easzp.com tel:\u00a0 0905 510 199 .","og_url":"https:\/\/www.prevasvolnycas.com\/?page_id=499","og_site_name":"prevasvolnycas.com","article_modified_time":"2024-11-22T17:33:42+00:00","og_image":[{"url":"https:\/\/www.prevasvolnycas.com\/wp-content\/uploads\/2024\/11\/1dddddddddddd-300x300.png"}],"twitter_card":"summary_large_image","twitter_misc":{"Predpokladan\u00fd \u010das \u010d\u00edtania":"1 min\u00fata"},"schema":{"@context":"https:\/\/schema.org","@graph":[{"@type":"WebSite","@id":"https:\/\/www.prevasvolnycas.com\/#website","url":"https:\/\/www.prevasvolnycas.com\/","name":"prevasvolnycas.com","description":"Pre v\u00e1\u0161 vo\u013en\u00fd \u010das","potentialAction":[{"@type":"SearchAction","target":{"@type":"EntryPoint","urlTemplate":"https:\/\/www.prevasvolnycas.com\/?s={search_term_string}"},"query-input":"required name=search_term_string"}],"inLanguage":"sk-SK"},{"@type":"ImageObject","@id":"https:\/\/www.prevasvolnycas.com\/?page_id=499#primaryimage","inLanguage":"sk-SK","url":"https:\/\/www.prevasvolnycas.com\/wp-content\/uploads\/2024\/11\/1dddddddddddd.png","contentUrl":"https:\/\/www.prevasvolnycas.com\/wp-content\/uploads\/2024\/11\/1dddddddddddd.png","width":500,"height":500},{"@type":"WebPage","@id":"https:\/\/www.prevasvolnycas.com\/?page_id=499#webpage","url":"https:\/\/www.prevasvolnycas.com\/?page_id=499","name":"Kontakt - prevasvolnycas.com","isPartOf":{"@id":"https:\/\/www.prevasvolnycas.com\/#website"},"primaryImageOfPage":{"@id":"https:\/\/www.prevasvolnycas.com\/?page_id=499#primaryimage"},"datePublished":"2021-10-06T07:10:39+00:00","dateModified":"2024-11-22T17:33:42+00:00","breadcrumb":{"@id":"https:\/\/www.prevasvolnycas.com\/?page_id=499#breadcrumb"},"inLanguage":"sk-SK","potentialAction":[{"@type":"ReadAction","target":["https:\/\/www.prevasvolnycas.com\/?page_id=499"]}]},{"@type":"BreadcrumbList","@id":"https:\/\/www.prevasvolnycas.com\/?page_id=499#breadcrumb","itemListElement":[{"@type":"ListItem","position":1,"name":"Home","item":"https:\/\/www.prevasvolnycas.com\/"},{"@type":"ListItem","position":2,"name":"Kontakt"}]}]}},"_links":{"self":[{"href":"https:\/\/www.prevasvolnycas.com\/index.php?rest_route=\/wp\/v2\/pages\/499"}],"collection":[{"href":"https:\/\/www.prevasvolnycas.com\/index.php?rest_route=\/wp\/v2\/pages"}],"about":[{"href":"https:\/\/www.prevasvolnycas.com\/index.php?rest_route=\/wp\/v2\/types\/page"}],"author":[{"embeddable":true,"href":"https:\/\/www.prevasvolnycas.com\/index.php?rest_route=\/wp\/v2\/users\/1"}],"replies":[{"embeddable":true,"href":"https:\/\/www.prevasvolnycas.com\/index.php?rest_route=%2Fwp%2Fv2%2Fcomments&post=499"}],"version-history":[{"count":6,"href":"https:\/\/www.prevasvolnycas.com\/index.php?rest_route=\/wp\/v2\/pages\/499\/revisions"}],"predecessor-version":[{"id":2199,"href":"https:\/\/www.prevasvolnycas.com\/index.php?rest_route=\/wp\/v2\/pages\/499\/revisions\/2199"}],"wp:attachment":[{"href":"https:\/\/www.prevasvolnycas.com\/index.php?rest_route=%2Fwp%2Fv2%2Fmedia&parent=499"}],"curies":[{"name":"wp","href":"https:\/\/api.w.org\/{rel}","templated":true}]}}