{"id":593,"date":"2021-11-06T09:50:11","date_gmt":"2021-11-06T08:50:11","guid":{"rendered":"https:\/\/www.prevasvolnycas.com\/?page_id=593"},"modified":"2021-11-06T09:50:12","modified_gmt":"2021-11-06T08:50:12","slug":"info","status":"publish","type":"page","link":"https:\/\/www.prevasvolnycas.com\/?page_id=593","title":{"rendered":"Info"},"content":{"rendered":"","protected":false},"excerpt":{"rendered":"","protected":false},"author":1,"featured_media":0,"parent":0,"menu_order":0,"comment_status":"closed","ping_status":"closed","template":"","meta":{"_monsterinsights_skip_tracking":false,"_monsterinsights_sitenote_active":false,"_monsterinsights_sitenote_note":"","_monsterinsights_sitenote_category":0},"yoast_head":"<!-- This site is optimized with the Yoast SEO plugin v17.2 - https:\/\/yoast.com\/wordpress\/plugins\/seo\/ -->\n<title>Info - prevasvolnycas.com<\/title>\n<meta name=\"robots\" content=\"index, follow, max-snippet:-1, max-image-preview:large, max-video-preview:-1\" \/>\n<link rel=\"canonical\" href=\"https:\/\/www.prevasvolnycas.com\/?page_id=593\" \/>\n<meta property=\"og:locale\" content=\"sk_SK\" \/>\n<meta property=\"og:type\" content=\"article\" \/>\n<meta property=\"og:title\" content=\"Info - prevasvolnycas.com\" \/>\n<meta property=\"og:url\" content=\"https:\/\/www.prevasvolnycas.com\/?page_id=593\" \/>\n<meta property=\"og:site_name\" content=\"prevasvolnycas.com\" \/>\n<meta property=\"article:modified_time\" content=\"2021-11-06T08:50:12+00:00\" \/>\n<meta name=\"twitter:card\" content=\"summary_large_image\" \/>\n<script type=\"application\/ld+json\" class=\"yoast-schema-graph\">{\"@context\":\"https:\/\/schema.org\",\"@graph\":[{\"@type\":\"WebSite\",\"@id\":\"https:\/\/www.prevasvolnycas.com\/#website\",\"url\":\"https:\/\/www.prevasvolnycas.com\/\",\"name\":\"prevasvolnycas.com\",\"description\":\"Pre v\\u00e1\\u0161 vo\\u013en\\u00fd \\u010das\",\"potentialAction\":[{\"@type\":\"SearchAction\",\"target\":{\"@type\":\"EntryPoint\",\"urlTemplate\":\"https:\/\/www.prevasvolnycas.com\/?s={search_term_string}\"},\"query-input\":\"required name=search_term_string\"}],\"inLanguage\":\"sk-SK\"},{\"@type\":\"WebPage\",\"@id\":\"https:\/\/www.prevasvolnycas.com\/?page_id=593#webpage\",\"url\":\"https:\/\/www.prevasvolnycas.com\/?page_id=593\",\"name\":\"Info - prevasvolnycas.com\",\"isPartOf\":{\"@id\":\"https:\/\/www.prevasvolnycas.com\/#website\"},\"datePublished\":\"2021-11-06T08:50:11+00:00\",\"dateModified\":\"2021-11-06T08:50:12+00:00\",\"breadcrumb\":{\"@id\":\"https:\/\/www.prevasvolnycas.com\/?page_id=593#breadcrumb\"},\"inLanguage\":\"sk-SK\",\"potentialAction\":[{\"@type\":\"ReadAction\",\"target\":[\"https:\/\/www.prevasvolnycas.com\/?page_id=593\"]}]},{\"@type\":\"BreadcrumbList\",\"@id\":\"https:\/\/www.prevasvolnycas.com\/?page_id=593#breadcrumb\",\"itemListElement\":[{\"@type\":\"ListItem\",\"position\":1,\"name\":\"Home\",\"item\":\"https:\/\/www.prevasvolnycas.com\/\"},{\"@type\":\"ListItem\",\"position\":2,\"name\":\"Info\"}]}]}<\/script>\n<!-- \/ Yoast SEO plugin. -->","yoast_head_json":{"title":"Info - prevasvolnycas.com","robots":{"index":"index","follow":"follow","max-snippet":"max-snippet:-1","max-image-preview":"max-image-preview:large","max-video-preview":"max-video-preview:-1"},"canonical":"https:\/\/www.prevasvolnycas.com\/?page_id=593","og_locale":"sk_SK","og_type":"article","og_title":"Info - prevasvolnycas.com","og_url":"https:\/\/www.prevasvolnycas.com\/?page_id=593","og_site_name":"prevasvolnycas.com","article_modified_time":"2021-11-06T08:50:12+00:00","twitter_card":"summary_large_image","schema":{"@context":"https:\/\/schema.org","@graph":[{"@type":"WebSite","@id":"https:\/\/www.prevasvolnycas.com\/#website","url":"https:\/\/www.prevasvolnycas.com\/","name":"prevasvolnycas.com","description":"Pre v\u00e1\u0161 vo\u013en\u00fd \u010das","potentialAction":[{"@type":"SearchAction","target":{"@type":"EntryPoint","urlTemplate":"https:\/\/www.prevasvolnycas.com\/?s={search_term_string}"},"query-input":"required name=search_term_string"}],"inLanguage":"sk-SK"},{"@type":"WebPage","@id":"https:\/\/www.prevasvolnycas.com\/?page_id=593#webpage","url":"https:\/\/www.prevasvolnycas.com\/?page_id=593","name":"Info - prevasvolnycas.com","isPartOf":{"@id":"https:\/\/www.prevasvolnycas.com\/#website"},"datePublished":"2021-11-06T08:50:11+00:00","dateModified":"2021-11-06T08:50:12+00:00","breadcrumb":{"@id":"https:\/\/www.prevasvolnycas.com\/?page_id=593#breadcrumb"},"inLanguage":"sk-SK","potentialAction":[{"@type":"ReadAction","target":["https:\/\/www.prevasvolnycas.com\/?page_id=593"]}]},{"@type":"BreadcrumbList","@id":"https:\/\/www.prevasvolnycas.com\/?page_id=593#breadcrumb","itemListElement":[{"@type":"ListItem","position":1,"name":"Home","item":"https:\/\/www.prevasvolnycas.com\/"},{"@type":"ListItem","position":2,"name":"Info"}]}]}},"_links":{"self":[{"href":"https:\/\/www.prevasvolnycas.com\/index.php?rest_route=\/wp\/v2\/pages\/593"}],"collection":[{"href":"https:\/\/www.prevasvolnycas.com\/index.php?rest_route=\/wp\/v2\/pages"}],"about":[{"href":"https:\/\/www.prevasvolnycas.com\/index.php?rest_route=\/wp\/v2\/types\/page"}],"author":[{"embeddable":true,"href":"https:\/\/www.prevasvolnycas.com\/index.php?rest_route=\/wp\/v2\/users\/1"}],"replies":[{"embeddable":true,"href":"https:\/\/www.prevasvolnycas.com\/index.php?rest_route=%2Fwp%2Fv2%2Fcomments&post=593"}],"version-history":[{"count":1,"href":"https:\/\/www.prevasvolnycas.com\/index.php?rest_route=\/wp\/v2\/pages\/593\/revisions"}],"predecessor-version":[{"id":594,"href":"https:\/\/www.prevasvolnycas.com\/index.php?rest_route=\/wp\/v2\/pages\/593\/revisions\/594"}],"wp:attachment":[{"href":"https:\/\/www.prevasvolnycas.com\/index.php?rest_route=%2Fwp%2Fv2%2Fmedia&parent=593"}],"curies":[{"name":"wp","href":"https:\/\/api.w.org\/{rel}","templated":true}]}}